{"id":5,"date":"2020-12-21T16:44:10","date_gmt":"2020-12-21T16:44:10","guid":{"rendered":"https:\/\/farmagenerico.com\/?page_id=5"},"modified":"2025-12-09T11:43:13","modified_gmt":"2025-12-09T11:43:13","slug":"farmagenerico-com-nombre-de-dominio-en-venta-domain-name-for-sale","status":"publish","type":"page","link":"https:\/\/farmagenerico.com\/","title":{"rendered":"Farmagenerico.com"},"content":{"rendered":"<h1 style=\"text-align: center;\">FARMAGENERICO.COM<\/h1>\n<h3 style=\"text-align: center;\">ESTE DOMINIO ESTA EN VENTA <a href=\"https:\/\/domimark.com\/producto\/farmagenerico-com\/\">DOMIMARK<\/a><\/h3>\n<h3 style=\"text-align: center;\">THIS DOMAIN IS FOR SALE IN <a href=\"https:\/\/domimark.com\/en\/product\/farmagenerico-com\/\">DOMIMARK<\/a><\/h3>\n<p style=\"text-align: center;\">more information \/ m\u00e1s informaci\u00f3n :<\/p>\n<p style=\"text-align: center;\"><a href=\"mailto:DOMIMARK@DOMIMARK.COM\"><img loading=\"lazy\" decoding=\"async\" class=\"wp-image-11 aligncenter\" src=\"https:\/\/farmagenerico.com\/wp-content\/uploads\/2020\/12\/MAIL1.jpg\" alt=\"\" width=\"125\" height=\"69\" \/><\/a><\/p>\n<p style=\"text-align: left;\">Hoy en dia es importante el poder identificar cada producto o marca farmaceutico con el gen\u00e9rico correspondiente, para que lo pacientes pueden tener claro la composici\u00f3n de los medicamentos.<\/p>\n<p style=\"text-align: left;\">Este dominio puede ser tanto para una web de informacion o tambien para un laboratorio que dse dedique a la fabricacion de genericos y quiera informar sobre sus productos.<\/p>\n<p style=\"text-align: center;\">Nowadays it is important to be able to identify each product or pharmaceutical brand with the corresponding generic, so that patients can be clear about the composition of the drugs.<\/p>\n<p style=\"text-align: center;\">This domain can be both for an information website or also for a laboratory that is dedicated to the manufacture of generics and wants to inform about their products.<\/p>\n<p style=\"text-align: center;\">PORTAL LIDER EN COMPRAVENTA DE MARCAS Y DOMINIOS REGISTRADAS<\/p>\n<p style=\"text-align: center;\">MARKETPLACE LEADER IN THE SALE OF REGISTERED TRADEMARKS AND DOMAINS NAMES<\/p>\n<p style=\"text-align: center;\"><a href=\"https:\/\/DOMIMARK.COM\">\u00a0www.Domimark.com<\/a>.<\/p>\n<p style=\"text-align: center;\">\n","protected":false},"excerpt":{"rendered":"<p>FARMAGENERICO.COM ESTE DOMINIO ESTA EN VENTA DOMIMARK THIS DOMAIN IS FOR SALE IN DOMIMARK more information \/ m\u00e1s informaci\u00f3n : Hoy en dia es importante el poder identificar cada producto o marca farmaceutico con el gen\u00e9rico correspondiente, para que lo pacientes pueden tener claro la composici\u00f3n de los medicamentos. Este dominio puede ser tanto para [&hellip;]<\/p>\n","protected":false},"author":2,"featured_media":0,"parent":0,"menu_order":0,"comment_status":"closed","ping_status":"closed","template":"templates\/template-full-width.php","meta":{"footnotes":""},"class_list":["post-5","page","type-page","status-publish","hentry"],"yoast_head":"<!-- This site is optimized with the Yoast SEO plugin v26.5 - https:\/\/yoast.com\/wordpress\/plugins\/seo\/ -->\n<title>Farmagenerico.com - Farmagenerico.com<\/title>\n<meta name=\"description\" content=\"Farmagenerico.com - nombre dominio en venta domain name for sale - informacion productos farmaceuticos information on pharmaceutical products\" \/>\n<meta name=\"robots\" content=\"index, follow, max-snippet:-1, max-image-preview:large, max-video-preview:-1\" \/>\n<link rel=\"canonical\" href=\"https:\/\/farmagenerico.com\/\" \/>\n<meta property=\"og:locale\" content=\"es_ES\" \/>\n<meta property=\"og:type\" content=\"article\" \/>\n<meta property=\"og:title\" content=\"Farmagenerico.com - Farmagenerico.com\" \/>\n<meta property=\"og:description\" content=\"Farmagenerico.com - nombre dominio en venta domain name for sale - informacion productos farmaceuticos information on pharmaceutical products\" \/>\n<meta property=\"og:url\" content=\"https:\/\/farmagenerico.com\/\" \/>\n<meta property=\"og:site_name\" content=\"Farmagenerico.com\" \/>\n<meta property=\"article:modified_time\" content=\"2025-12-09T11:43:13+00:00\" \/>\n<meta property=\"og:image\" content=\"https:\/\/farmagenerico.com\/wp-content\/uploads\/2020\/12\/MAIL1.jpg\" \/>\n\t<meta property=\"og:image:width\" content=\"413\" \/>\n\t<meta property=\"og:image:height\" content=\"228\" \/>\n\t<meta property=\"og:image:type\" content=\"image\/jpeg\" \/>\n<meta name=\"twitter:card\" content=\"summary_large_image\" \/>\n<meta name=\"twitter:label1\" content=\"Tiempo de lectura\" \/>\n\t<meta name=\"twitter:data1\" content=\"1 minuto\" \/>\n<script type=\"application\/ld+json\" class=\"yoast-schema-graph\">{\"@context\":\"https:\/\/schema.org\",\"@graph\":[{\"@type\":\"WebPage\",\"@id\":\"https:\/\/farmagenerico.com\/\",\"url\":\"https:\/\/farmagenerico.com\/\",\"name\":\"Farmagenerico.com - Farmagenerico.com\",\"isPartOf\":{\"@id\":\"https:\/\/farmagenerico.com\/#website\"},\"primaryImageOfPage\":{\"@id\":\"https:\/\/farmagenerico.com\/#primaryimage\"},\"image\":{\"@id\":\"https:\/\/farmagenerico.com\/#primaryimage\"},\"thumbnailUrl\":\"https:\/\/farmagenerico.com\/wp-content\/uploads\/2020\/12\/MAIL1.jpg\",\"datePublished\":\"2020-12-21T16:44:10+00:00\",\"dateModified\":\"2025-12-09T11:43:13+00:00\",\"description\":\"Farmagenerico.com - nombre dominio en venta domain name for sale - informacion productos farmaceuticos information on pharmaceutical products\",\"breadcrumb\":{\"@id\":\"https:\/\/farmagenerico.com\/#breadcrumb\"},\"inLanguage\":\"es\",\"potentialAction\":[{\"@type\":\"ReadAction\",\"target\":[\"https:\/\/farmagenerico.com\/\"]}]},{\"@type\":\"ImageObject\",\"inLanguage\":\"es\",\"@id\":\"https:\/\/farmagenerico.com\/#primaryimage\",\"url\":\"https:\/\/farmagenerico.com\/wp-content\/uploads\/2020\/12\/MAIL1.jpg\",\"contentUrl\":\"https:\/\/farmagenerico.com\/wp-content\/uploads\/2020\/12\/MAIL1.jpg\"},{\"@type\":\"BreadcrumbList\",\"@id\":\"https:\/\/farmagenerico.com\/#breadcrumb\",\"itemListElement\":[{\"@type\":\"ListItem\",\"position\":1,\"name\":\"Portada\",\"item\":\"https:\/\/farmagenerico.com\/\"},{\"@type\":\"ListItem\",\"position\":2,\"name\":\"Farmagenerico.com\"}]},{\"@type\":\"WebSite\",\"@id\":\"https:\/\/farmagenerico.com\/#website\",\"url\":\"https:\/\/farmagenerico.com\/\",\"name\":\"Farmagenerico.com\",\"description\":\"dominio en venta - domain name for sale\",\"potentialAction\":[{\"@type\":\"SearchAction\",\"target\":{\"@type\":\"EntryPoint\",\"urlTemplate\":\"https:\/\/farmagenerico.com\/?s={search_term_string}\"},\"query-input\":{\"@type\":\"PropertyValueSpecification\",\"valueRequired\":true,\"valueName\":\"search_term_string\"}}],\"inLanguage\":\"es\"}]}<\/script>\n<!-- \/ Yoast SEO plugin. -->","yoast_head_json":{"title":"Farmagenerico.com - Farmagenerico.com","description":"Farmagenerico.com - nombre dominio en venta domain name for sale - informacion productos farmaceuticos information on pharmaceutical products","robots":{"index":"index","follow":"follow","max-snippet":"max-snippet:-1","max-image-preview":"max-image-preview:large","max-video-preview":"max-video-preview:-1"},"canonical":"https:\/\/farmagenerico.com\/","og_locale":"es_ES","og_type":"article","og_title":"Farmagenerico.com - Farmagenerico.com","og_description":"Farmagenerico.com - nombre dominio en venta domain name for sale - informacion productos farmaceuticos information on pharmaceutical products","og_url":"https:\/\/farmagenerico.com\/","og_site_name":"Farmagenerico.com","article_modified_time":"2025-12-09T11:43:13+00:00","og_image":[{"width":413,"height":228,"url":"https:\/\/farmagenerico.com\/wp-content\/uploads\/2020\/12\/MAIL1.jpg","type":"image\/jpeg"}],"twitter_card":"summary_large_image","twitter_misc":{"Tiempo de lectura":"1 minuto"},"schema":{"@context":"https:\/\/schema.org","@graph":[{"@type":"WebPage","@id":"https:\/\/farmagenerico.com\/","url":"https:\/\/farmagenerico.com\/","name":"Farmagenerico.com - Farmagenerico.com","isPartOf":{"@id":"https:\/\/farmagenerico.com\/#website"},"primaryImageOfPage":{"@id":"https:\/\/farmagenerico.com\/#primaryimage"},"image":{"@id":"https:\/\/farmagenerico.com\/#primaryimage"},"thumbnailUrl":"https:\/\/farmagenerico.com\/wp-content\/uploads\/2020\/12\/MAIL1.jpg","datePublished":"2020-12-21T16:44:10+00:00","dateModified":"2025-12-09T11:43:13+00:00","description":"Farmagenerico.com - nombre dominio en venta domain name for sale - informacion productos farmaceuticos information on pharmaceutical products","breadcrumb":{"@id":"https:\/\/farmagenerico.com\/#breadcrumb"},"inLanguage":"es","potentialAction":[{"@type":"ReadAction","target":["https:\/\/farmagenerico.com\/"]}]},{"@type":"ImageObject","inLanguage":"es","@id":"https:\/\/farmagenerico.com\/#primaryimage","url":"https:\/\/farmagenerico.com\/wp-content\/uploads\/2020\/12\/MAIL1.jpg","contentUrl":"https:\/\/farmagenerico.com\/wp-content\/uploads\/2020\/12\/MAIL1.jpg"},{"@type":"BreadcrumbList","@id":"https:\/\/farmagenerico.com\/#breadcrumb","itemListElement":[{"@type":"ListItem","position":1,"name":"Portada","item":"https:\/\/farmagenerico.com\/"},{"@type":"ListItem","position":2,"name":"Farmagenerico.com"}]},{"@type":"WebSite","@id":"https:\/\/farmagenerico.com\/#website","url":"https:\/\/farmagenerico.com\/","name":"Farmagenerico.com","description":"dominio en venta - domain name for sale","potentialAction":[{"@type":"SearchAction","target":{"@type":"EntryPoint","urlTemplate":"https:\/\/farmagenerico.com\/?s={search_term_string}"},"query-input":{"@type":"PropertyValueSpecification","valueRequired":true,"valueName":"search_term_string"}}],"inLanguage":"es"}]}},"_links":{"self":[{"href":"https:\/\/farmagenerico.com\/index.php?rest_route=\/wp\/v2\/pages\/5","targetHints":{"allow":["GET"]}}],"collection":[{"href":"https:\/\/farmagenerico.com\/index.php?rest_route=\/wp\/v2\/pages"}],"about":[{"href":"https:\/\/farmagenerico.com\/index.php?rest_route=\/wp\/v2\/types\/page"}],"author":[{"embeddable":true,"href":"https:\/\/farmagenerico.com\/index.php?rest_route=\/wp\/v2\/users\/2"}],"replies":[{"embeddable":true,"href":"https:\/\/farmagenerico.com\/index.php?rest_route=%2Fwp%2Fv2%2Fcomments&post=5"}],"version-history":[{"count":17,"href":"https:\/\/farmagenerico.com\/index.php?rest_route=\/wp\/v2\/pages\/5\/revisions"}],"predecessor-version":[{"id":58,"href":"https:\/\/farmagenerico.com\/index.php?rest_route=\/wp\/v2\/pages\/5\/revisions\/58"}],"wp:attachment":[{"href":"https:\/\/farmagenerico.com\/index.php?rest_route=%2Fwp%2Fv2%2Fmedia&parent=5"}],"curies":[{"name":"wp","href":"https:\/\/api.w.org\/{rel}","templated":true}]}}